{"id":11,"date":"2020-06-26T16:31:15","date_gmt":"2020-06-26T16:31:15","guid":{"rendered":"https:\/\/synextra.ch\/?page_id=11"},"modified":"2020-07-17T18:25:14","modified_gmt":"2020-07-17T18:25:14","slug":"elementor-11","status":"publish","type":"page","link":"https:\/\/synextra.ch\/","title":{"rendered":"Wer sind wir"},"content":{"rendered":"<p>Wir sind ein kleines Team welches uns im Bereich Teambildung, Mediation, F\u00fchrungskr\u00e4fteunterst\u00fctzung und Projektberatung spezialisiert haben.<\/p>\n<p>Mit den neusten Methoden f\u00fchren wir zusammen mit Ihnen ihre Pl\u00e4ne, Ihre Teams und Ihre F\u00fchrungscrew zu einem n\u00e4chsten Level.<\/p>\n<p>Auch f\u00fcr Kriseninterventionen sind wir gut vorbereitet.<\/p>\n<p>Sprechen Sie mit uns unverbindlich \u00fcber Ihren individuellen Bedarf.<\/p>\n<p>Ihr Synextra Team<\/p>\n","protected":false},"excerpt":{"rendered":"<p>Wir sind ein kleines Team welches uns im Bereich Teambildung, Mediation, F\u00fchrungskr\u00e4fteunterst\u00fctzung und Projektberatung spezialisiert haben. Mit den neusten Methoden f\u00fchren wir zusammen mit Ihnen [&#8230;]<\/p>\n","protected":false},"author":1,"featured_media":0,"parent":0,"menu_order":0,"comment_status":"closed","ping_status":"closed","template":"templates\/template-fullwidth.php","meta":{"_acf_changed":false,"footnotes":""},"class_list":["post-11","page","type-page","status-publish","hentry"],"acf":[],"jetpack_sharing_enabled":true,"_links":{"self":[{"href":"https:\/\/synextra.ch\/index.php\/wp-json\/wp\/v2\/pages\/11","targetHints":{"allow":["GET"]}}],"collection":[{"href":"https:\/\/synextra.ch\/index.php\/wp-json\/wp\/v2\/pages"}],"about":[{"href":"https:\/\/synextra.ch\/index.php\/wp-json\/wp\/v2\/types\/page"}],"author":[{"embeddable":true,"href":"https:\/\/synextra.ch\/index.php\/wp-json\/wp\/v2\/users\/1"}],"replies":[{"embeddable":true,"href":"https:\/\/synextra.ch\/index.php\/wp-json\/wp\/v2\/comments?post=11"}],"version-history":[{"count":11,"href":"https:\/\/synextra.ch\/index.php\/wp-json\/wp\/v2\/pages\/11\/revisions"}],"predecessor-version":[{"id":79,"href":"https:\/\/synextra.ch\/index.php\/wp-json\/wp\/v2\/pages\/11\/revisions\/79"}],"wp:attachment":[{"href":"https:\/\/synextra.ch\/index.php\/wp-json\/wp\/v2\/media?parent=11"}],"curies":[{"name":"wp","href":"https:\/\/api.w.org\/{rel}","templated":true}]}}